{"id":1334,"date":"2025-08-05T17:40:22","date_gmt":"2025-08-05T17:40:22","guid":{"rendered":"https:\/\/eh-eshoy.com\/web\/?page_id=1334"},"modified":"2025-08-27T21:49:27","modified_gmt":"2025-08-27T21:49:27","slug":"nosotros","status":"publish","type":"page","link":"https:\/\/eh-eshoy.com\/web\/nosotros\/","title":{"rendered":"Nosotros"},"content":{"rendered":"\t\t<div data-elementor-type=\"wp-page\" data-elementor-id=\"1334\" class=\"elementor elementor-1334\">\n\t\t\t\t<div class=\"elementor-element elementor-element-8158304 e-con-full e-flex e-con e-parent\" data-id=\"8158304\" data-element_type=\"container\" data-settings=\"{&quot;background_background&quot;:&quot;gradient&quot;}\">\n\t\t<div class=\"elementor-element elementor-element-5caf0db e-con-full e-flex e-con e-child\" data-id=\"5caf0db\" data-element_type=\"container\" data-settings=\"{&quot;background_background&quot;:&quot;classic&quot;}\">\n\t\t\t\t<div class=\"elementor-element elementor-element-be7b870 elementor-widget elementor-widget-heading\" data-id=\"be7b870\" data-element_type=\"widget\" data-widget_type=\"heading.default\">\n\t\t\t\t\t<h1 class=\"elementor-heading-title elementor-size-default\">Sobre Nosotros<\/h1>\t\t\t\t<\/div>\n\t\t\t\t<\/div>\n\t\t\t\t<\/div>\n\t\t<div class=\"elementor-element elementor-element-d0a8047 e-con-full e-flex e-con e-parent\" data-id=\"d0a8047\" data-element_type=\"container\" data-settings=\"{&quot;background_background&quot;:&quot;classic&quot;}\">\n\t\t<div class=\"elementor-element elementor-element-8e733ab e-con-full e-flex e-con e-child\" data-id=\"8e733ab\" data-element_type=\"container\">\n\t\t<div class=\"elementor-element elementor-element-3de10cc e-con-full e-flex e-con e-child\" data-id=\"3de10cc\" data-element_type=\"container\">\n\t\t<div class=\"elementor-element elementor-element-6655e3a e-con-full e-flex e-con e-child\" data-id=\"6655e3a\" data-element_type=\"container\">\n\t\t\t\t<div class=\"elementor-element elementor-element-5d90840 elementor-widget elementor-widget-image\" data-id=\"5d90840\" data-element_type=\"widget\" data-widget_type=\"image.default\">\n\t\t\t\t\t\t\t\t\t\t\t\t\t\t\t<img fetchpriority=\"high\" decoding=\"async\" width=\"1024\" height=\"1024\" src=\"https:\/\/eh-eshoy.com\/web\/wp-content\/uploads\/2025\/08\/WhatsApp-Image-2025-08-06-at-08.59.54-1.jpeg\" class=\"attachment-full size-full wp-image-1774\" alt=\"\" srcset=\"https:\/\/eh-eshoy.com\/web\/wp-content\/uploads\/2025\/08\/WhatsApp-Image-2025-08-06-at-08.59.54-1.jpeg 1024w, https:\/\/eh-eshoy.com\/web\/wp-content\/uploads\/2025\/08\/WhatsApp-Image-2025-08-06-at-08.59.54-1-300x300.jpeg 300w, https:\/\/eh-eshoy.com\/web\/wp-content\/uploads\/2025\/08\/WhatsApp-Image-2025-08-06-at-08.59.54-1-150x150.jpeg 150w, https:\/\/eh-eshoy.com\/web\/wp-content\/uploads\/2025\/08\/WhatsApp-Image-2025-08-06-at-08.59.54-1-768x768.jpeg 768w\" sizes=\"(max-width: 1024px) 100vw, 1024px\" \/>\t\t\t\t\t\t\t\t\t\t\t\t\t\t\t<\/div>\n\t\t\t\t<\/div>\n\t\t<div class=\"elementor-element elementor-element-49a934e e-con-full e-flex e-con e-child\" data-id=\"49a934e\" data-element_type=\"container\">\n\t\t\t\t<div class=\"elementor-element elementor-element-4b2041c elementor-widget elementor-widget-heading\" data-id=\"4b2041c\" data-element_type=\"widget\" data-widget_type=\"heading.default\">\n\t\t\t\t\t<h2 class=\"elementor-heading-title elementor-size-default\">\u00bfQui\u00e9nes somos?<\/h2>\t\t\t\t<\/div>\n\t\t\t\t<div class=\"elementor-element elementor-element-2b8eb90 elementor-widget-divider--view-line elementor-widget elementor-widget-divider\" data-id=\"2b8eb90\" data-element_type=\"widget\" data-widget_type=\"divider.default\">\n\t\t\t\t\t\t\t<div class=\"elementor-divider\">\n\t\t\t<span class=\"elementor-divider-separator\">\n\t\t\t\t\t\t<\/span>\n\t\t<\/div>\n\t\t\t\t\t\t<\/div>\n\t\t\t\t<div class=\"elementor-element elementor-element-c779754 elementor-widget elementor-widget-heading\" data-id=\"c779754\" data-element_type=\"widget\" data-widget_type=\"heading.default\">\n\t\t\t\t\t<h5 class=\"elementor-heading-title elementor-size-default\">El nombre <span style=\"font-size: 1rem\">\u201c<\/span><span style=\"font-size: 1rem;font-style: inherit\">EH<\/span><span style=\"font-size: 1rem;font-style: inherit\">\u201d <\/span><span style=\"font-size: 1rem;font-style: inherit\">surge de la expresi\u00f3n \u201c\u00a1Es Hoy!\u201d<\/span><span style=\"font-size: 1rem;font-style: inherit\"><\/span><br><\/h5>\t\t\t\t<\/div>\n\t\t\t\t<div class=\"elementor-element elementor-element-981628e elementor-widget elementor-widget-text-editor\" data-id=\"981628e\" data-element_type=\"widget\" data-widget_type=\"text-editor.default\">\n\t\t\t\t\t\t\t\t\t<p>Simboliza la invitaci\u00f3n a dejar atr\u00e1s la procrastinaci\u00f3n y pasar a la acci\u00f3n. Representa el llamado a comenzar, tomar decisiones y generar movimiento en el presente, el \u00fanico momento real para transformar la vida y las organizaciones.<\/p>\t\t\t\t\t\t\t\t<\/div>\n\t\t\t\t<div class=\"elementor-element elementor-element-aa6a95e elementor-widget elementor-widget-text-editor\" data-id=\"aa6a95e\" data-element_type=\"widget\" data-widget_type=\"text-editor.default\">\n\t\t\t\t\t\t\t\t\t<p>La marca se fundamenta en los principios del coaching ontol\u00f3gico, sist\u00e9mico y constructivista, donde el poder de la transformaci\u00f3n se genera a trav\u00e9s de las preguntas, que permiten a personas, l\u00edderes y organizaciones encontrar sus propias respuestas.<\/p>\t\t\t\t\t\t\t\t<\/div>\n\t\t\t\t<\/div>\n\t\t\t\t<\/div>\n\t\t\t\t<\/div>\n\t\t\t\t<\/div>\n\t\t<div class=\"elementor-element elementor-element-670a7c7 e-con-full e-flex e-con e-parent\" data-id=\"670a7c7\" data-element_type=\"container\" data-settings=\"{&quot;background_background&quot;:&quot;classic&quot;}\">\n\t\t<div class=\"elementor-element elementor-element-cc6e8f3 e-con-full e-flex e-con e-child\" data-id=\"cc6e8f3\" data-element_type=\"container\" data-settings=\"{&quot;background_background&quot;:&quot;classic&quot;}\">\n\t\t<div class=\"elementor-element elementor-element-2c8eef0 e-flex e-con-boxed e-con e-child\" data-id=\"2c8eef0\" data-element_type=\"container\">\n\t\t\t\t\t<div class=\"e-con-inner\">\n\t\t<div class=\"elementor-element elementor-element-af4eec9 e-con-full e-flex e-con e-child\" data-id=\"af4eec9\" data-element_type=\"container\">\n\t\t\t\t<div class=\"elementor-element elementor-element-13c6547 elementor-widget elementor-widget-heading\" data-id=\"13c6547\" data-element_type=\"widget\" data-widget_type=\"heading.default\">\n\t\t\t\t\t<h3 class=\"elementor-heading-title elementor-size-default\">Misi\u00f3n, Visi\u00f3n &amp;<br>Valores<\/h3>\t\t\t\t<\/div>\n\t\t\t\t<\/div>\n\t\t<div class=\"elementor-element elementor-element-53edc18 e-con-full e-flex e-con e-child\" data-id=\"53edc18\" data-element_type=\"container\">\n\t\t\t\t<div class=\"elementor-element elementor-element-103bc0a elementor-widget elementor-widget-heading\" data-id=\"103bc0a\" data-element_type=\"widget\" data-widget_type=\"heading.default\">\n\t\t\t\t\t<h2 class=\"elementor-heading-title elementor-size-default\">Misi\u00f3n<\/h2>\t\t\t\t<\/div>\n\t\t\t\t<div class=\"elementor-element elementor-element-63e7fe4 elementor-widget elementor-widget-heading\" data-id=\"63e7fe4\" data-element_type=\"widget\" data-widget_type=\"heading.default\">\n\t\t\t\t\t<h5 class=\"elementor-heading-title elementor-size-default\">En EH \u2013 \u00a1Es Hoy! existimos para impulsar un cambio profundo hacia un mundo \nm\u00e1s colaborativo, inclusivo y orientado al desarrollo permanente. \n<\/h5>\t\t\t\t<\/div>\n\t\t\t\t<div class=\"elementor-element elementor-element-270b96a elementor-widget elementor-widget-text-editor\" data-id=\"270b96a\" data-element_type=\"widget\" data-widget_type=\"text-editor.default\">\n\t\t\t\t\t\t\t\t\t<p>Acompa\u00f1amos a personas, l\u00edderes y organizaciones a descubrir y generar sus propias respuestas a trav\u00e9s del coaching ontol\u00f3gico, sist\u00e9mico y constructivista, complementado con PNL, neurociencias, pedagog\u00eda, metodolog\u00edas \u00e1giles y gesti\u00f3n de recursos humanos.<\/p>\t\t\t\t\t\t\t\t<\/div>\n\t\t\t\t<div class=\"elementor-element elementor-element-cef9e62 elementor-widget elementor-widget-text-editor\" data-id=\"cef9e62\" data-element_type=\"widget\" data-widget_type=\"text-editor.default\">\n\t\t\t\t\t\t\t\t\t<p>Nuestra misi\u00f3n es facilitar procesos de transformaci\u00f3n que reduzcan el estr\u00e9s, fortalezcan el liderazgo, consoliden equipos de trabajo y potencien el desarrollo personal, generando un impacto que trasciende al individuo y se expande en su entorno como un efecto campana.<\/p>\t\t\t\t\t\t\t\t<\/div>\n\t\t\t\t<div class=\"elementor-element elementor-element-3f0492f elementor-widget-divider--view-line elementor-widget elementor-widget-divider\" data-id=\"3f0492f\" data-element_type=\"widget\" data-widget_type=\"divider.default\">\n\t\t\t\t\t\t\t<div class=\"elementor-divider\">\n\t\t\t<span class=\"elementor-divider-separator\">\n\t\t\t\t\t\t<\/span>\n\t\t<\/div>\n\t\t\t\t\t\t<\/div>\n\t\t\t\t<div class=\"elementor-element elementor-element-346a065 elementor-widget elementor-widget-heading\" data-id=\"346a065\" data-element_type=\"widget\" data-widget_type=\"heading.default\">\n\t\t\t\t\t<h2 class=\"elementor-heading-title elementor-size-default\">Visi\u00f3n<\/h2>\t\t\t\t<\/div>\n\t\t\t\t<div class=\"elementor-element elementor-element-7af782e elementor-widget elementor-widget-heading\" data-id=\"7af782e\" data-element_type=\"widget\" data-widget_type=\"heading.default\">\n\t\t\t\t\t<h5 class=\"elementor-heading-title elementor-size-default\">Ser una consultora de referencia en Latinoam\u00e9rica y Espa\u00f1a, reconocida por \nfacilitar cambios reales y sostenibles en organizaciones y personas. <\/h5>\t\t\t\t<\/div>\n\t\t\t\t<div class=\"elementor-element elementor-element-1ba474a elementor-widget elementor-widget-text-editor\" data-id=\"1ba474a\" data-element_type=\"widget\" data-widget_type=\"text-editor.default\">\n\t\t\t\t\t\t\t\t\t<p>Ser una consultora de referencia en Latinoam\u00e9rica y Espa\u00f1a, reconocida por <br \/>facilitar cambios reales y sostenibles en organizaciones y personas.\u00a0<\/p>\t\t\t\t\t\t\t\t<\/div>\n\t\t\t\t<div class=\"elementor-element elementor-element-f29d6d0 elementor-widget elementor-widget-text-editor\" data-id=\"f29d6d0\" data-element_type=\"widget\" data-widget_type=\"text-editor.default\">\n\t\t\t\t\t\t\t\t\t<p>Queremos ser identificados por una metodolog\u00eda innovadora y efectiva, que permite a cada cliente alcanzar sus objetivos y vivir transformaciones significativas y perdurables, tanto en su desarrollo personal como en el organizacional. Nuestro prop\u00f3sito es expandir esta metodolog\u00eda a nivel internacional, impactando positivamente en la vida laboral y personal de miles de personas.<\/p>\t\t\t\t\t\t\t\t<\/div>\n\t\t\t\t<div class=\"elementor-element elementor-element-f751eb5 elementor-widget elementor-widget-heading\" data-id=\"f751eb5\" data-element_type=\"widget\" data-widget_type=\"heading.default\">\n\t\t\t\t\t<h2 class=\"elementor-heading-title elementor-size-default\">Valores<\/h2>\t\t\t\t<\/div>\n\t\t\t\t<div class=\"elementor-element elementor-element-1696fcd elementor-widget elementor-widget-heading\" data-id=\"1696fcd\" data-element_type=\"widget\" data-widget_type=\"heading.default\">\n\t\t\t\t\t<h5 class=\"elementor-heading-title elementor-size-default\">En EH nuestros valores son el motor que gu\u00eda cada proceso de  acompa\u00f1amiento, tanto en el \u00e1mbito corporativo como en el liderazgo personal.<\/h5>\t\t\t\t<\/div>\n\t\t<div class=\"elementor-element elementor-element-276d15a e-con-full e-flex e-con e-child\" data-id=\"276d15a\" data-element_type=\"container\">\n\t\t<div class=\"elementor-element elementor-element-daad58e e-con-full e-flex e-con e-child\" data-id=\"daad58e\" data-element_type=\"container\">\n\t\t\t\t<div class=\"elementor-element elementor-element-4408185 elementor-view-default elementor-position-top elementor-mobile-position-top elementor-widget elementor-widget-icon-box\" data-id=\"4408185\" data-element_type=\"widget\" data-widget_type=\"icon-box.default\">\n\t\t\t\t\t\t\t<div class=\"elementor-icon-box-wrapper\">\n\n\t\t\t\t\t\t<div class=\"elementor-icon-box-icon\">\n\t\t\t\t<span  class=\"elementor-icon\">\n\t\t\t\t<svg aria-hidden=\"true\" class=\"e-font-icon-svg e-far-handshake\" viewBox=\"0 0 640 512\" xmlns=\"http:\/\/www.w3.org\/2000\/svg\"><path d=\"M519.2 127.9l-47.6-47.6A56.252 56.252 0 0 0 432 64H205.2c-14.8 0-29.1 5.9-39.6 16.3L118 127.9H0v255.7h64c17.6 0 31.8-14.2 31.9-31.7h9.1l84.6 76.4c30.9 25.1 73.8 25.7 105.6 3.8 12.5 10.8 26 15.9 41.1 15.9 18.2 0 35.3-7.4 48.8-24 22.1 8.7 48.2 2.6 64-16.8l26.2-32.3c5.6-6.9 9.1-14.8 10.9-23h57.9c.1 17.5 14.4 31.7 31.9 31.7h64V127.9H519.2zM48 351.6c-8.8 0-16-7.2-16-16s7.2-16 16-16 16 7.2 16 16c0 8.9-7.2 16-16 16zm390-6.9l-26.1 32.2c-2.8 3.4-7.8 4-11.3 1.2l-23.9-19.4-30 36.5c-6 7.3-15 4.8-18 2.4l-36.8-31.5-15.6 19.2c-13.9 17.1-39.2 19.7-55.3 6.6l-97.3-88H96V175.8h41.9l61.7-61.6c2-.8 3.7-1.5 5.7-2.3H262l-38.7 35.5c-29.4 26.9-31.1 72.3-4.4 101.3 14.8 16.2 61.2 41.2 101.5 4.4l8.2-7.5 108.2 87.8c3.4 2.8 3.9 7.9 1.2 11.3zm106-40.8h-69.2c-2.3-2.8-4.9-5.4-7.7-7.7l-102.7-83.4 12.5-11.4c6.5-6 7-16.1 1-22.6L367 167.1c-6-6.5-16.1-6.9-22.6-1l-55.2 50.6c-9.5 8.7-25.7 9.4-34.6 0-9.3-9.9-8.5-25.1 1.2-33.9l65.6-60.1c7.4-6.8 17-10.5 27-10.5l83.7-.2c2.1 0 4.1.8 5.5 2.3l61.7 61.6H544v128zm48 47.7c-8.8 0-16-7.2-16-16s7.2-16 16-16 16 7.2 16 16c0 8.9-7.2 16-16 16z\"><\/path><\/svg>\t\t\t\t<\/span>\n\t\t\t<\/div>\n\t\t\t\n\t\t\t\t\t\t<div class=\"elementor-icon-box-content\">\n\n\t\t\t\t\t\t\t\t\t<h3 class=\"elementor-icon-box-title\">\n\t\t\t\t\t\t<span  >\n\t\t\t\t\t\t\tCompromiso\t\t\t\t\t\t<\/span>\n\t\t\t\t\t<\/h3>\n\t\t\t\t\n\t\t\t\t\t\t\t\t\t<p class=\"elementor-icon-box-description\">\n\t\t\t\t\t\tAcompa\u00f1amos a cada persona en el camino de construir la versi\u00f3n \nque necesita ser para alcanzar sus metas. \t\t\t\t\t<\/p>\n\t\t\t\t\n\t\t\t<\/div>\n\t\t\t\n\t\t<\/div>\n\t\t\t\t\t\t<\/div>\n\t\t\t\t<\/div>\n\t\t<div class=\"elementor-element elementor-element-2b8e1ec e-con-full e-flex e-con e-child\" data-id=\"2b8e1ec\" data-element_type=\"container\">\n\t\t\t\t<div class=\"elementor-element elementor-element-7272b4d elementor-view-default elementor-position-top elementor-mobile-position-top elementor-widget elementor-widget-icon-box\" data-id=\"7272b4d\" data-element_type=\"widget\" data-widget_type=\"icon-box.default\">\n\t\t\t\t\t\t\t<div class=\"elementor-icon-box-wrapper\">\n\n\t\t\t\t\t\t<div class=\"elementor-icon-box-icon\">\n\t\t\t\t<span  class=\"elementor-icon\">\n\t\t\t\t<svg aria-hidden=\"true\" class=\"e-font-icon-svg e-far-check-circle\" viewBox=\"0 0 512 512\" xmlns=\"http:\/\/www.w3.org\/2000\/svg\"><path d=\"M256 8C119.033 8 8 119.033 8 256s111.033 248 248 248 248-111.033 248-248S392.967 8 256 8zm0 48c110.532 0 200 89.451 200 200 0 110.532-89.451 200-200 200-110.532 0-200-89.451-200-200 0-110.532 89.451-200 200-200m140.204 130.267l-22.536-22.718c-4.667-4.705-12.265-4.736-16.97-.068L215.346 303.697l-59.792-60.277c-4.667-4.705-12.265-4.736-16.97-.069l-22.719 22.536c-4.705 4.667-4.736 12.265-.068 16.971l90.781 91.516c4.667 4.705 12.265 4.736 16.97.068l172.589-171.204c4.704-4.668 4.734-12.266.067-16.971z\"><\/path><\/svg>\t\t\t\t<\/span>\n\t\t\t<\/div>\n\t\t\t\n\t\t\t\t\t\t<div class=\"elementor-icon-box-content\">\n\n\t\t\t\t\t\t\t\t\t<h3 class=\"elementor-icon-box-title\">\n\t\t\t\t\t\t<span  >\n\t\t\t\t\t\t\tConfidencialidad\t\t\t\t\t\t<\/span>\n\t\t\t\t\t<\/h3>\n\t\t\t\t\n\t\t\t\t\t\t\t\t\t<p class=\"elementor-icon-box-description\">\n\t\t\t\t\t\tCreamos espacios seguros y libres de juicios, donde la confianza es absoluta. \t\t\t\t\t<\/p>\n\t\t\t\t\n\t\t\t<\/div>\n\t\t\t\n\t\t<\/div>\n\t\t\t\t\t\t<\/div>\n\t\t\t\t<\/div>\n\t\t<div class=\"elementor-element elementor-element-f033c2a e-con-full e-flex e-con e-child\" data-id=\"f033c2a\" data-element_type=\"container\">\n\t\t\t\t<div class=\"elementor-element elementor-element-8acf46d elementor-view-default elementor-position-top elementor-mobile-position-top elementor-widget elementor-widget-icon-box\" data-id=\"8acf46d\" data-element_type=\"widget\" data-widget_type=\"icon-box.default\">\n\t\t\t\t\t\t\t<div class=\"elementor-icon-box-wrapper\">\n\n\t\t\t\t\t\t<div class=\"elementor-icon-box-icon\">\n\t\t\t\t<span  class=\"elementor-icon\">\n\t\t\t\t<svg aria-hidden=\"true\" class=\"e-font-icon-svg e-far-paper-plane\" viewBox=\"0 0 512 512\" xmlns=\"http:\/\/www.w3.org\/2000\/svg\"><path d=\"M440 6.5L24 246.4c-34.4 19.9-31.1 70.8 5.7 85.9L144 379.6V464c0 46.4 59.2 65.5 86.6 28.6l43.8-59.1 111.9 46.2c5.9 2.4 12.1 3.6 18.3 3.6 8.2 0 16.3-2.1 23.6-6.2 12.8-7.2 21.6-20 23.9-34.5l59.4-387.2c6.1-40.1-36.9-68.8-71.5-48.9zM192 464v-64.6l36.6 15.1L192 464zm212.6-28.7l-153.8-63.5L391 169.5c10.7-15.5-9.5-33.5-23.7-21.2L155.8 332.6 48 288 464 48l-59.4 387.3z\"><\/path><\/svg>\t\t\t\t<\/span>\n\t\t\t<\/div>\n\t\t\t\n\t\t\t\t\t\t<div class=\"elementor-icon-box-content\">\n\n\t\t\t\t\t\t\t\t\t<h3 class=\"elementor-icon-box-title\">\n\t\t\t\t\t\t<span  >\n\t\t\t\t\t\t\tPasi\u00f3n\t\t\t\t\t\t<\/span>\n\t\t\t\t\t<\/h3>\n\t\t\t\t\n\t\t\t\t\t\t\t\t\t<p class=\"elementor-icon-box-description\">\n\t\t\t\t\t\tPonemos energ\u00eda, motivaci\u00f3n y entrega total en cada proceso de \nacompa\u00f1amiento. \t\t\t\t\t<\/p>\n\t\t\t\t\n\t\t\t<\/div>\n\t\t\t\n\t\t<\/div>\n\t\t\t\t\t\t<\/div>\n\t\t\t\t<\/div>\n\t\t\t\t<\/div>\n\t\t\t\t<\/div>\n\t\t\t\t\t<\/div>\n\t\t\t\t<\/div>\n\t\t\t\t<\/div>\n\t\t\t\t<\/div>\n\t\t\t\t<\/div>\n\t\t","protected":false},"excerpt":{"rendered":"<p>Sobre Nosotros \u00bfQui\u00e9nes somos? El nombre \u201cEH\u201d surge de la expresi\u00f3n \u201c\u00a1Es Hoy!\u201d Simboliza la invitaci\u00f3n a dejar atr\u00e1s la procrastinaci\u00f3n y pasar a la acci\u00f3n. Representa el llamado a comenzar, tomar decisiones y generar movimiento en el presente, el \u00fanico momento real para transformar la vida y las organizaciones. La marca se fundamenta en [&hellip;]<\/p>\n","protected":false},"author":2,"featured_media":0,"parent":0,"menu_order":0,"comment_status":"closed","ping_status":"closed","template":"","meta":{"site-sidebar-layout":"no-sidebar","site-content-layout":"page-builder","ast-site-content-layout":"default","site-content-style":"default","site-sidebar-style":"default","ast-global-header-display":"","ast-banner-title-visibility":"","ast-main-header-display":"","ast-hfb-above-header-display":"","ast-hfb-below-header-display":"","ast-hfb-mobile-header-display":"","site-post-title":"disabled","ast-breadcrumbs-content":"disabled","ast-featured-img":"disabled","footer-sml-layout":"","theme-transparent-header-meta":"enabled","adv-header-id-meta":"","stick-header-meta":"","header-above-stick-meta":"","header-main-stick-meta":"","header-below-stick-meta":"","astra-migrate-meta-layouts":"default","ast-page-background-enabled":"default","ast-page-background-meta":{"desktop":{"background-color":"","background-image":"","background-repeat":"repeat","background-position":"center center","background-size":"auto","background-attachment":"scroll","background-type":"","background-media":"","overlay-type":"","overlay-color":"","overlay-opacity":"","overlay-gradient":""},"tablet":{"background-color":"","background-image":"","background-repeat":"repeat","background-position":"center center","background-size":"auto","background-attachment":"scroll","background-type":"","background-media":"","overlay-type":"","overlay-color":"","overlay-opacity":"","overlay-gradient":""},"mobile":{"background-color":"","background-image":"","background-repeat":"repeat","background-position":"center center","background-size":"auto","background-attachment":"scroll","background-type":"","background-media":"","overlay-type":"","overlay-color":"","overlay-opacity":"","overlay-gradient":""}},"ast-content-background-meta":{"desktop":{"background-color":"var(--ast-global-color-5)","background-image":"","background-repeat":"repeat","background-position":"center center","background-size":"auto","background-attachment":"scroll","background-type":"","background-media":"","overlay-type":"","overlay-color":"","overlay-opacity":"","overlay-gradient":""},"tablet":{"background-color":"var(--ast-global-color-5)","background-image":"","background-repeat":"repeat","background-position":"center center","background-size":"auto","background-attachment":"scroll","background-type":"","background-media":"","overlay-type":"","overlay-color":"","overlay-opacity":"","overlay-gradient":""},"mobile":{"background-color":"var(--ast-global-color-5)","background-image":"","background-repeat":"repeat","background-position":"center center","background-size":"auto","background-attachment":"scroll","background-type":"","background-media":"","overlay-type":"","overlay-color":"","overlay-opacity":"","overlay-gradient":""}},"footnotes":""},"class_list":["post-1334","page","type-page","status-publish","hentry"],"_links":{"self":[{"href":"https:\/\/eh-eshoy.com\/web\/wp-json\/wp\/v2\/pages\/1334","targetHints":{"allow":["GET"]}}],"collection":[{"href":"https:\/\/eh-eshoy.com\/web\/wp-json\/wp\/v2\/pages"}],"about":[{"href":"https:\/\/eh-eshoy.com\/web\/wp-json\/wp\/v2\/types\/page"}],"author":[{"embeddable":true,"href":"https:\/\/eh-eshoy.com\/web\/wp-json\/wp\/v2\/users\/2"}],"replies":[{"embeddable":true,"href":"https:\/\/eh-eshoy.com\/web\/wp-json\/wp\/v2\/comments?post=1334"}],"version-history":[{"count":38,"href":"https:\/\/eh-eshoy.com\/web\/wp-json\/wp\/v2\/pages\/1334\/revisions"}],"predecessor-version":[{"id":1988,"href":"https:\/\/eh-eshoy.com\/web\/wp-json\/wp\/v2\/pages\/1334\/revisions\/1988"}],"wp:attachment":[{"href":"https:\/\/eh-eshoy.com\/web\/wp-json\/wp\/v2\/media?parent=1334"}],"curies":[{"name":"wp","href":"https:\/\/api.w.org\/{rel}","templated":true}]}}